{"id":1382,"date":"2025-10-08T14:53:39","date_gmt":"2025-10-08T11:53:39","guid":{"rendered":"https:\/\/babaambalaj.com\/?page_id=1382"},"modified":"2025-11-04T08:45:18","modified_gmt":"2025-11-04T05:45:18","slug":"iletisim","status":"publish","type":"page","link":"https:\/\/babaambalaj.com\/index.php\/iletisim\/","title":{"rendered":"\u0130leti\u015fim"},"content":{"rendered":"\t\t<div data-elementor-type=\"wp-page\" data-elementor-id=\"1382\" class=\"elementor elementor-1382\">\n\t\t\t\t<div class=\"elementor-element elementor-element-3a20145d e-flex e-con-boxed e-con e-parent\" data-id=\"3a20145d\" data-element_type=\"container\" data-e-type=\"container\">\n\t\t\t\t\t<div class=\"e-con-inner\">\n\t\t\t\t<div class=\"elementor-element elementor-element-6d2acf49 elementor-widget elementor-widget-text-editor\" data-id=\"6d2acf49\" data-element_type=\"widget\" data-e-type=\"widget\" data-widget_type=\"text-editor.default\">\n\t\t\t\t\t\t\t\t\t<p><strong>Baba Ambalaj San. ve Tic. Ltd. \u015eti.<\/strong><\/p>\n<p><!-- \/wp:paragraph --><!-- wp:paragraph --><\/p>\n<p><img decoding=\"async\" class=\"emoji\" role=\"img\" draggable=\"false\" src=\"https:\/\/s.w.org\/images\/core\/emoji\/16.0.1\/svg\/1f4cd.svg\" alt=\"\ud83d\udccd\" \/> Deliklikaya Adres: Deliklikaya Mahallesi, Teskoop Sanayi Sitesi, Karavan Caddesi No:13\/1 34555 Arnavutk\u00f6y \/ \u0130stanbul, T\u00fcrkiye<\/p>\n<p><!-- \/wp:paragraph --><!-- wp:paragraph --><\/p>\n<p><img decoding=\"async\" class=\"emoji\" role=\"img\" draggable=\"false\" src=\"https:\/\/s.w.org\/images\/core\/emoji\/16.0.1\/svg\/1f4cd.svg\" alt=\"\ud83d\udccd\" \/> Merkez Adres: Hastane, Ta\u015fk\u0131n \u00c7iftlik Sk. NO:35\/A, 34555 Arnavutk\u00f6y \/ \u0130stanbul, T\u00fcrkiye<\/p>\n<p><!-- \/wp:paragraph --><!-- wp:paragraph --><\/p>\n<p><img decoding=\"async\" class=\"emoji\" role=\"img\" draggable=\"false\" src=\"https:\/\/s.w.org\/images\/core\/emoji\/16.0.1\/svg\/1f4de.svg\" alt=\"\ud83d\udcde\" \/> Telefon: <a href=\"tel:+905449732752\">+90 533 302 52 73<\/a><\/p>\n<p><!-- \/wp:paragraph --><!-- wp:paragraph --><\/p>\n<p><img decoding=\"async\" class=\"emoji\" role=\"img\" draggable=\"false\" src=\"https:\/\/s.w.org\/images\/core\/emoji\/16.0.1\/svg\/1f4f1.svg\" alt=\"\ud83d\udcf1\" \/> WhatsApp:<a href=\"https:\/\/wa.me\/905449732752\" target=\"_blank\" rel=\"noopener\"> +90 533 302 52 73<\/a><\/p>\n<p><!-- \/wp:paragraph --><!-- wp:paragraph --><\/p>\n<p><img decoding=\"async\" class=\"emoji\" role=\"img\" draggable=\"false\" src=\"https:\/\/s.w.org\/images\/core\/emoji\/16.0.1\/svg\/2709.svg\" alt=\"\u2709\ufe0f\" \/> E-posta: <a href=\"mailto:info@babaambalaj.com\">info@babaambalaj.com<\/a><\/p>\n<p><!-- \/wp:paragraph --><!-- wp:paragraph --><\/p>\n<p>\u00c7al\u0131\u015fma Saatleri: <strong>Hafta i\u00e7i 08:00 \u2013 18:00 (\u0130stanbul)<\/strong><\/p>\n<p><!-- \/wp:paragraph --><!-- wp:heading {\"level\":3} --><\/p>\n<h3 class=\"wp-block-heading\">\u00a0<\/h3>\n<p><!-- \/wp:heading --><!-- wp:buttons --><\/p>\n<div class=\"wp-block-buttons\">\n<p><!-- wp:button --><\/p>\n<div class=\"wp-block-button\"><a class=\"wp-block-button__link wp-element-button\" href=\"https:\/\/babaambalaj.com\/index.php\/bizimle-iletisime-gecin\/\">Bizimle \u0130leti\u015fime Ge\u00e7in<\/a><\/div>\n<p><!-- \/wp:button --><\/p>\n<\/div>\n<p><!-- \/wp:buttons --><!-- wp:paragraph --><\/p>\n<p>Sorular\u0131n\u0131z, sipari\u015f talepleriniz veya \u00fcr\u00fcnlerimiz hakk\u0131nda bilgi almak i\u00e7in bizimle hemen ileti\u015fime ge\u00e7ebilirsiniz.<\/p>\n<p><!-- \/wp:paragraph --><!-- wp:paragraph --><\/p>\n<p>Size en k\u0131sa s\u00fcrede geri d\u00f6n\u00fc\u015f yapmaktan memnuniyet duyar\u0131z.<\/p>\n<p><!-- \/wp:paragraph --><!-- wp:paragraph --><\/p>\n<p><!-- \/wp:paragraph --><\/p>\t\t\t\t\t\t\t\t<\/div>\n\t\t\t\t\t<\/div>\n\t\t\t\t<\/div>\n\t\t\t\t<\/div>\n\t\t","protected":false},"excerpt":{"rendered":"<p>Baba Ambalaj San. ve Tic. Ltd. \u015eti. Deliklikaya Adres: Deliklikaya Mahallesi, Teskoop Sanayi Sitesi, Karavan Caddesi No:13\/1 34555 Arnavutk\u00f6y \/ [&hellip;]<\/p>\n","protected":false},"author":4,"featured_media":0,"parent":0,"menu_order":0,"comment_status":"closed","ping_status":"closed","template":"","meta":{"om_disable_all_campaigns":false,"_surecart_dashboard_logo_width":"180px","_surecart_dashboard_show_logo":true,"_surecart_dashboard_navigation_orders":true,"_surecart_dashboard_navigation_invoices":true,"_surecart_dashboard_navigation_subscriptions":true,"_surecart_dashboard_navigation_downloads":true,"_surecart_dashboard_navigation_billing":true,"_surecart_dashboard_navigation_account":true,"_uag_custom_page_level_css":"","_monsterinsights_skip_tracking":false,"_monsterinsights_sitenote_active":false,"_monsterinsights_sitenote_note":"","_monsterinsights_sitenote_category":0,"_uf_show_specific_survey":0,"_uf_disable_surveys":false,"site-sidebar-layout":"default","site-content-layout":"","ast-site-content-layout":"default","site-content-style":"default","site-sidebar-style":"default","ast-global-header-display":"","ast-banner-title-visibility":"","ast-main-header-display":"","ast-hfb-above-header-display":"","ast-hfb-below-header-display":"","ast-hfb-mobile-header-display":"","site-post-title":"","ast-breadcrumbs-content":"","ast-featured-img":"","footer-sml-layout":"","ast-disable-related-posts":"","theme-transparent-header-meta":"","adv-header-id-meta":"","stick-header-meta":"","header-above-stick-meta":"","header-main-stick-meta":"","header-below-stick-meta":"","astra-migrate-meta-layouts":"default","ast-page-background-enabled":"default","ast-page-background-meta":{"desktop":{"background-color":"var(--ast-global-color-5)","background-image":"","background-repeat":"repeat","background-position":"center center","background-size":"auto","background-attachment":"scroll","background-type":"","background-media":"","overlay-type":"","overlay-color":"","overlay-opacity":"","overlay-gradient":""},"tablet":{"background-color":"","background-image":"","background-repeat":"repeat","background-position":"center center","background-size":"auto","background-attachment":"scroll","background-type":"","background-media":"","overlay-type":"","overlay-color":"","overlay-opacity":"","overlay-gradient":""},"mobile":{"background-color":"","background-image":"","background-repeat":"repeat","background-position":"center center","background-size":"auto","background-attachment":"scroll","background-type":"","background-media":"","overlay-type":"","overlay-color":"","overlay-opacity":"","overlay-gradient":""}},"ast-content-background-meta":{"desktop":{"background-color":"var(--ast-global-color-4)","background-image":"","background-repeat":"repeat","background-position":"center center","background-size":"auto","background-attachment":"scroll","background-type":"","background-media":"","overlay-type":"","overlay-color":"","overlay-opacity":"","overlay-gradient":""},"tablet":{"background-color":"var(--ast-global-color-4)","background-image":"","background-repeat":"repeat","background-position":"center center","background-size":"auto","background-attachment":"scroll","background-type":"","background-media":"","overlay-type":"","overlay-color":"","overlay-opacity":"","overlay-gradient":""},"mobile":{"background-color":"var(--ast-global-color-4)","background-image":"","background-repeat":"repeat","background-position":"center center","background-size":"auto","background-attachment":"scroll","background-type":"","background-media":"","overlay-type":"","overlay-color":"","overlay-opacity":"","overlay-gradient":""}},"footnotes":""},"class_list":["post-1382","page","type-page","status-publish","hentry"],"aioseo_notices":[],"uagb_featured_image_src":{"full":false,"thumbnail":false,"medium":false,"medium_large":false,"large":false,"1536x1536":false,"2048x2048":false},"uagb_author_info":{"display_name":"Polat Kianfar","author_link":"https:\/\/babaambalaj.com\/index.php\/author\/polatk\/"},"uagb_comment_info":0,"uagb_excerpt":"Baba Ambalaj San. ve Tic. Ltd. \u015eti. Deliklikaya Adres: Deliklikaya Mahallesi, Teskoop Sanayi Sitesi, Karavan Caddesi No:13\/1 34555 Arnavutk\u00f6y \/ [&hellip;]","_links":{"self":[{"href":"https:\/\/babaambalaj.com\/index.php\/wp-json\/wp\/v2\/pages\/1382","targetHints":{"allow":["GET"]}}],"collection":[{"href":"https:\/\/babaambalaj.com\/index.php\/wp-json\/wp\/v2\/pages"}],"about":[{"href":"https:\/\/babaambalaj.com\/index.php\/wp-json\/wp\/v2\/types\/page"}],"author":[{"embeddable":true,"href":"https:\/\/babaambalaj.com\/index.php\/wp-json\/wp\/v2\/users\/4"}],"replies":[{"embeddable":true,"href":"https:\/\/babaambalaj.com\/index.php\/wp-json\/wp\/v2\/comments?post=1382"}],"version-history":[{"count":17,"href":"https:\/\/babaambalaj.com\/index.php\/wp-json\/wp\/v2\/pages\/1382\/revisions"}],"predecessor-version":[{"id":2286,"href":"https:\/\/babaambalaj.com\/index.php\/wp-json\/wp\/v2\/pages\/1382\/revisions\/2286"}],"wp:attachment":[{"href":"https:\/\/babaambalaj.com\/index.php\/wp-json\/wp\/v2\/media?parent=1382"}],"curies":[{"name":"wp","href":"https:\/\/api.w.org\/{rel}","templated":true}]}}