{"id":2261,"date":"2025-10-27T12:59:14","date_gmt":"2025-10-27T09:59:14","guid":{"rendered":"https:\/\/babaambalaj.com\/?page_id=2261"},"modified":"2025-11-04T08:58:25","modified_gmt":"2025-11-04T05:58:25","slug":"stick-seker-2","status":"publish","type":"page","link":"https:\/\/babaambalaj.com\/index.php\/stick-seker-2\/","title":{"rendered":"Stick \u015eeker"},"content":{"rendered":"\n<div class=\"wp-block-columns is-layout-flex wp-container-core-columns-is-layout-28f84493 wp-block-columns-is-layout-flex\">\n<div class=\"wp-block-column is-layout-flow wp-block-column-is-layout-flow\" style=\"flex-basis:66.66%\">\n<h2 class=\"wp-block-heading\"><mark style=\"background-color:rgba(0, 0, 0, 0)\" class=\"has-inline-color has-ast-global-color-1-color\">Markan\u0131z\u0131n Tatl\u0131 \u0130mzas\u0131: Bask\u0131l\u0131 Stick \u015eekerler<\/mark><\/h2>\n\n\n\n<p><mark style=\"background-color:rgba(0, 0, 0, 0);color:#000000\" class=\"has-inline-color\">Baba Ambalaj olarak, bir tatland\u0131r\u0131c\u0131n\u0131n sadece \u015fekerden ibaret olmad\u0131\u011f\u0131n\u0131 biliyoruz. Sundu\u011fumuz \u00fcr\u00fcnler, markan\u0131z\u0131n inceli\u011fini ve kalitesini yans\u0131tan, pratik ve \u015f\u0131k bir detayd\u0131r.<\/mark><\/p>\n\n\n\n<h3 class=\"wp-block-heading\"><mark style=\"background-color:rgba(0, 0, 0, 0)\" class=\"has-inline-color has-ast-global-color-1-color\">Beyaz\u0131n Zarafeti, Esmerin Karakteri<\/mark><\/h3>\n\n\n\n<p><mark style=\"background-color:rgba(0, 0, 0, 0);color:#000000\" class=\"has-inline-color\">\u0130\u015fletmenizin konseptine en uygun lezzeti ve g\u00f6r\u00fcn\u00fcm\u00fc se\u00e7in:<\/mark><\/p>\n\n\n\n<ol start=\"1\" class=\"wp-block-list\">\n<li><mark style=\"background-color:rgba(0, 0, 0, 0);color:#000000\" class=\"has-inline-color\"><strong>Klasik Beyaz \u015eeker:<\/strong> Her zaman tercih edilen, saf ve zarif bir se\u00e7imdir. Markan\u0131z\u0131n temiz ve net imaj\u0131n\u0131 yans\u0131t\u0131r.<\/mark><\/li>\n\n\n\n<li><mark style=\"background-color:rgba(0, 0, 0, 0);color:#000000\" class=\"has-inline-color\"><strong>Premium Esmer \u015eeker:<\/strong> Daha do\u011fal, karamel notal\u0131 lezzeti ve rustik g\u00f6r\u00fcn\u00fcm\u00fcyle, m\u00fc\u015fterilerine farkl\u0131 bir deneyim sunmak isteyen i\u015fletmeler i\u00e7in idealdir.<\/mark><\/li>\n<\/ol>\n\n\n\n<p><mark style=\"background-color:rgba(0, 0, 0, 0);color:#000000\" class=\"has-inline-color\">Her iki se\u00e7enekte de paket \u00fczerinde markan\u0131z\u0131n s\u00fcrekli g\u00f6r\u00fcn\u00fcrl\u00fc\u011f\u00fc sa\u011flan\u0131r. Bu, t\u0131pk\u0131 \u015f\u0131k bir aksesuar gibi hizmet eder, ak\u0131lda kal\u0131c\u0131l\u0131\u011f\u0131 ve m\u00fc\u015fteri deneyimini an\u0131nda y\u00fckseltir.<\/mark><\/p>\n\n\n\n<p><strong><mark style=\"background-color:rgba(0, 0, 0, 0);color:#000000\" class=\"has-inline-color\">Baba Ambalaj stick \u015fekerleri, hayat\u0131n her an\u0131na kolayca e\u015flik eder. Tek kullan\u0131ml\u0131k, hijyenik ve pratik yap\u0131s\u0131 sayesinde evde, i\u015f yerinde veya hareket halindeyken kolayca tatl\u0131 bir an yaratman\u0131za olanak tan\u0131r. \u0130nce ve uzun formu, kullan\u0131m kolayl\u0131\u011f\u0131 sa\u011flarken, minimum yer kaplar.<\/mark><\/strong><\/p>\n\n\n\n<h3 class=\"wp-block-heading\">Kalite ve G\u00fcven Garantisi<\/h3>\n\n\n\n<p><mark style=\"background-color:rgba(0, 0, 0, 0);color:#000000\" class=\"has-inline-color\">M\u00dcr\u00fcnlerimizi, en iyi pancar veya kam\u0131\u015f \u015fekerinden, y\u00fcksek hijyen standartlar\u0131nda \u00fcretiyoruz. Kaliteli, neme ve \u00e7evre ko\u015fullar\u0131na dayan\u0131kl\u0131 ambalajlar\u0131m\u0131z ile \u015fekerin tazeli\u011fi ve ak\u0131\u015fkanl\u0131\u011f\u0131 korunur. Bu sayede, hem kendinizin hem de m\u00fc\u015fterilerinizin memnuniyetini g\u00fcvenle sa\u011flars\u0131n\u0131z.<\/mark><\/p>\n\n\n\n<p><mark style=\"background-color:rgba(0, 0, 0, 0);color:#000000\" class=\"has-inline-color\">Markan\u0131za \u00f6zel, y\u00fcksek kaliteli bask\u0131l\u0131 stick \u015feker \u00e7e\u015fitleri, beyaz veya esmer se\u00e7enekleri ve toptan sipari\u015f fiyatlar\u0131 hakk\u0131nda detayl\u0131 bilgi almak i\u00e7in hemen Baba Ambalaj ile ileti\u015fime ge\u00e7in.<\/mark><\/p>\n\n\n\n<p><mark style=\"background-color:rgba(0, 0, 0, 0);color:#000000\" class=\"has-inline-color\">Baba Ambalaj \u2013 Lezzeti ve Markan\u0131z\u0131 Bir Araya Getirir.<\/mark><\/p>\n<\/div>\n\n\n\n<div class=\"wp-block-column is-layout-flow wp-block-column-is-layout-flow\" style=\"flex-basis:33.33%\">\n<figure class=\"wp-block-image size-full\"><img fetchpriority=\"high\" decoding=\"async\" width=\"1024\" height=\"1024\" src=\"https:\/\/babaambalaj.com\/wp-content\/uploads\/2025\/10\/Gemini_Generated_Image_7q3pjv7q3pjv7q3p.png\" alt=\"\" class=\"wp-image-1426\" srcset=\"https:\/\/babaambalaj.com\/wp-content\/uploads\/2025\/10\/Gemini_Generated_Image_7q3pjv7q3pjv7q3p.png 1024w, https:\/\/babaambalaj.com\/wp-content\/uploads\/2025\/10\/Gemini_Generated_Image_7q3pjv7q3pjv7q3p-300x300.png 300w, https:\/\/babaambalaj.com\/wp-content\/uploads\/2025\/10\/Gemini_Generated_Image_7q3pjv7q3pjv7q3p-150x150.png 150w, https:\/\/babaambalaj.com\/wp-content\/uploads\/2025\/10\/Gemini_Generated_Image_7q3pjv7q3pjv7q3p-768x768.png 768w\" sizes=\"(max-width: 1024px) 100vw, 1024px\" \/><\/figure>\n<\/div>\n<\/div>\n\n\n\n<div class=\"wp-block-buttons is-layout-flex wp-block-buttons-is-layout-flex\">\n<div class=\"wp-block-button\"><a class=\"wp-block-button__link wp-element-button\" href=\"https:\/\/babaambalaj.com\/index.php\/teklif-al-2\/\">Get a Quote<\/a><\/div>\n<\/div>\n\n\n\n<p><\/p>\n","protected":false},"excerpt":{"rendered":"<p>Markan\u0131z\u0131n Tatl\u0131 \u0130mzas\u0131: Bask\u0131l\u0131 Stick \u015eekerler Baba Ambalaj olarak, bir tatland\u0131r\u0131c\u0131n\u0131n sadece \u015fekerden ibaret olmad\u0131\u011f\u0131n\u0131 biliyoruz. Sundu\u011fumuz \u00fcr\u00fcnler, markan\u0131z\u0131n inceli\u011fini [&hellip;]<\/p>\n","protected":false},"author":4,"featured_media":0,"parent":0,"menu_order":0,"comment_status":"closed","ping_status":"closed","template":"","meta":{"om_disable_all_campaigns":false,"_surecart_dashboard_logo_width":"180px","_surecart_dashboard_show_logo":true,"_surecart_dashboard_navigation_orders":true,"_surecart_dashboard_navigation_invoices":true,"_surecart_dashboard_navigation_subscriptions":true,"_surecart_dashboard_navigation_downloads":true,"_surecart_dashboard_navigation_billing":true,"_surecart_dashboard_navigation_account":true,"_uag_custom_page_level_css":"","_monsterinsights_skip_tracking":false,"_monsterinsights_sitenote_active":false,"_monsterinsights_sitenote_note":"","_monsterinsights_sitenote_category":0,"_uf_show_specific_survey":0,"_uf_disable_surveys":false,"site-sidebar-layout":"default","site-content-layout":"","ast-site-content-layout":"default","site-content-style":"default","site-sidebar-style":"default","ast-global-header-display":"","ast-banner-title-visibility":"","ast-main-header-display":"","ast-hfb-above-header-display":"","ast-hfb-below-header-display":"","ast-hfb-mobile-header-display":"","site-post-title":"","ast-breadcrumbs-content":"","ast-featured-img":"","footer-sml-layout":"","ast-disable-related-posts":"","theme-transparent-header-meta":"","adv-header-id-meta":"","stick-header-meta":"","header-above-stick-meta":"","header-main-stick-meta":"","header-below-stick-meta":"","astra-migrate-meta-layouts":"default","ast-page-background-enabled":"default","ast-page-background-meta":{"desktop":{"background-color":"var(--ast-global-color-5)","background-image":"","background-repeat":"repeat","background-position":"center center","background-size":"auto","background-attachment":"scroll","background-type":"","background-media":"","overlay-type":"","overlay-color":"","overlay-opacity":"","overlay-gradient":""},"tablet":{"background-color":"","background-image":"","background-repeat":"repeat","background-position":"center center","background-size":"auto","background-attachment":"scroll","background-type":"","background-media":"","overlay-type":"","overlay-color":"","overlay-opacity":"","overlay-gradient":""},"mobile":{"background-color":"","background-image":"","background-repeat":"repeat","background-position":"center center","background-size":"auto","background-attachment":"scroll","background-type":"","background-media":"","overlay-type":"","overlay-color":"","overlay-opacity":"","overlay-gradient":""}},"ast-content-background-meta":{"desktop":{"background-color":"var(--ast-global-color-4)","background-image":"","background-repeat":"repeat","background-position":"center center","background-size":"auto","background-attachment":"scroll","background-type":"","background-media":"","overlay-type":"","overlay-color":"","overlay-opacity":"","overlay-gradient":""},"tablet":{"background-color":"var(--ast-global-color-4)","background-image":"","background-repeat":"repeat","background-position":"center center","background-size":"auto","background-attachment":"scroll","background-type":"","background-media":"","overlay-type":"","overlay-color":"","overlay-opacity":"","overlay-gradient":""},"mobile":{"background-color":"var(--ast-global-color-4)","background-image":"","background-repeat":"repeat","background-position":"center center","background-size":"auto","background-attachment":"scroll","background-type":"","background-media":"","overlay-type":"","overlay-color":"","overlay-opacity":"","overlay-gradient":""}},"footnotes":""},"class_list":["post-2261","page","type-page","status-publish","hentry"],"aioseo_notices":[],"uagb_featured_image_src":{"full":false,"thumbnail":false,"medium":false,"medium_large":false,"large":false,"1536x1536":false,"2048x2048":false},"uagb_author_info":{"display_name":"Polat Kianfar","author_link":"https:\/\/babaambalaj.com\/index.php\/author\/polatk\/"},"uagb_comment_info":0,"uagb_excerpt":"Markan\u0131z\u0131n Tatl\u0131 \u0130mzas\u0131: Bask\u0131l\u0131 Stick \u015eekerler Baba Ambalaj olarak, bir tatland\u0131r\u0131c\u0131n\u0131n sadece \u015fekerden ibaret olmad\u0131\u011f\u0131n\u0131 biliyoruz. Sundu\u011fumuz \u00fcr\u00fcnler, markan\u0131z\u0131n inceli\u011fini [&hellip;]","_links":{"self":[{"href":"https:\/\/babaambalaj.com\/index.php\/wp-json\/wp\/v2\/pages\/2261","targetHints":{"allow":["GET"]}}],"collection":[{"href":"https:\/\/babaambalaj.com\/index.php\/wp-json\/wp\/v2\/pages"}],"about":[{"href":"https:\/\/babaambalaj.com\/index.php\/wp-json\/wp\/v2\/types\/page"}],"author":[{"embeddable":true,"href":"https:\/\/babaambalaj.com\/index.php\/wp-json\/wp\/v2\/users\/4"}],"replies":[{"embeddable":true,"href":"https:\/\/babaambalaj.com\/index.php\/wp-json\/wp\/v2\/comments?post=2261"}],"version-history":[{"count":1,"href":"https:\/\/babaambalaj.com\/index.php\/wp-json\/wp\/v2\/pages\/2261\/revisions"}],"predecessor-version":[{"id":2262,"href":"https:\/\/babaambalaj.com\/index.php\/wp-json\/wp\/v2\/pages\/2261\/revisions\/2262"}],"wp:attachment":[{"href":"https:\/\/babaambalaj.com\/index.php\/wp-json\/wp\/v2\/media?parent=2261"}],"curies":[{"name":"wp","href":"https:\/\/api.w.org\/{rel}","templated":true}]}}