{"id":8,"date":"2016-09-05T19:26:14","date_gmt":"2016-09-05T19:26:14","guid":{"rendered":"http:\/\/demos.famethemes.com\/screenr\/?page_id=8"},"modified":"2025-11-06T17:10:28","modified_gmt":"2025-11-06T14:10:28","slug":"about","status":"publish","type":"page","link":"https:\/\/babaambalaj.com\/index.php\/about\/","title":{"rendered":"Hakk\u0131m\u0131zda"},"content":{"rendered":"\n<div class=\"wp-block-columns is-layout-flex wp-container-core-columns-is-layout-28f84493 wp-block-columns-is-layout-flex\">\n<div class=\"wp-block-column is-layout-flow wp-block-column-is-layout-flow\">\n<figure class=\"wp-block-image size-large\"><img fetchpriority=\"high\" decoding=\"async\" width=\"1024\" height=\"683\" src=\"https:\/\/babaambalaj.com\/wp-content\/uploads\/2025\/11\/Gemini_Generated_Image_2ucown2ucown2uco-1024x683.png\" alt=\"\" class=\"wp-image-2307\" srcset=\"https:\/\/babaambalaj.com\/wp-content\/uploads\/2025\/11\/Gemini_Generated_Image_2ucown2ucown2uco-1024x683.png 1024w, https:\/\/babaambalaj.com\/wp-content\/uploads\/2025\/11\/Gemini_Generated_Image_2ucown2ucown2uco-300x200.png 300w, https:\/\/babaambalaj.com\/wp-content\/uploads\/2025\/11\/Gemini_Generated_Image_2ucown2ucown2uco-768x512.png 768w, https:\/\/babaambalaj.com\/wp-content\/uploads\/2025\/11\/Gemini_Generated_Image_2ucown2ucown2uco.png 1103w\" sizes=\"(max-width: 1024px) 100vw, 1024px\" \/><\/figure>\n<\/div>\n\n\n\n<div class=\"wp-block-column is-layout-flow wp-block-column-is-layout-flow\">\n<p><mark style=\"background-color:rgba(0, 0, 0, 0)\" class=\"has-inline-color has-ast-global-color-6-color\"><strong>Baba Ambalaj<\/strong> olarak, ambalaj sekt\u00f6r\u00fcndeki yolculu\u011fumuza 2013 y\u0131l\u0131nda \u0130stanbul\u2019da ba\u015flad\u0131k. Temel misyonumuz, g\u0131da g\u00fcvenli\u011fine uygun, kaliteli ve <strong>hijyenik ambalaj \u00e7\u00f6z\u00fcmleri<\/strong> sunarak m\u00fc\u015fteri memnuniyetini s\u00fcrekli k\u0131lmakt\u0131r.<\/mark><\/p>\n\n\n\n<p><mark style=\"background-color:rgba(0, 0, 0, 0);color:#000000\" class=\"has-inline-color\">Bug\u00fcn \u00fcr\u00fcn gam\u0131m\u0131z, \u0131slak mendil ve stick \u015feker gibi yard\u0131mc\u0131 \u00fcr\u00fcnlerden, <strong>\u00e7evre dostu Kraft salata kaseleri, \u00e7orba kaseleri ve takeaway kutular\u0131na<\/strong> kadar paket servis \u00e7\u00f6z\u00fcmlerinin tamam\u0131n\u0131 kapsamaktad\u0131r. Amac\u0131m\u0131z sadece koruma sa\u011flamak de\u011fil; kalite standartlar\u0131m\u0131z\u0131 kullanarak m\u00fc\u015fterilerimizin \u00fcr\u00fcnlerini en iyi \u015fekilde sunmas\u0131na ve <strong>marka de\u011ferini y\u00fckseltmesine<\/strong> odaklanmakt\u0131r.<\/mark><\/p>\n<\/div>\n<\/div>\n\n\n\n<div class=\"wp-block-columns is-layout-flex wp-container-core-columns-is-layout-28f84493 wp-block-columns-is-layout-flex\">\n<div class=\"wp-block-column is-layout-flow wp-block-column-is-layout-flow\">\n<p><mark style=\"background-color:rgba(0, 0, 0, 0)\" class=\"has-inline-color has-ast-global-color-6-color\">Modern ya\u015fam\u0131n ihtiya\u00e7lar\u0131n\u0131 takip ediyor ve geli\u015fen teknolojiyle daima yenilik\u00e7i \u00e7\u00f6z\u00fcmler \u00fcretmeyi kendimize ilke ediniyoruz. Deneyimli y\u00f6netim kadromuzun liderli\u011finde, gen\u00e7 ve dinamik ekibimizle her projede &#8220;tam ba\u015far\u0131&#8221;y\u0131 hedefliyoruz. M\u00fc\u015fterilerimizin bize duydu\u011fu g\u00fcvenin temelinde <strong>kalite, \u015feffafl\u0131k ve modern bak\u0131\u015f a\u00e7\u0131m\u0131z<\/strong> yer almaktad\u0131r. Baba Ambalaj olarak, bu g\u00fcvene lay\u0131k olmak i\u00e7in \u00f6zenle \u00e7al\u0131\u015fmaya devam edece\u011fiz.<\/mark><\/p>\n\n\n\n<p><\/p>\n<\/div>\n\n\n\n<div class=\"wp-block-column is-layout-flow wp-block-column-is-layout-flow\">\n<figure class=\"wp-block-image size-large\"><img decoding=\"async\" width=\"1024\" height=\"389\" src=\"https:\/\/babaambalaj.com\/wp-content\/uploads\/2025\/10\/qual-1024x389.png\" alt=\"\" class=\"wp-image-1329\" srcset=\"https:\/\/babaambalaj.com\/wp-content\/uploads\/2025\/10\/qual-1024x389.png 1024w, https:\/\/babaambalaj.com\/wp-content\/uploads\/2025\/10\/qual-300x114.png 300w, https:\/\/babaambalaj.com\/wp-content\/uploads\/2025\/10\/qual-768x292.png 768w, https:\/\/babaambalaj.com\/wp-content\/uploads\/2025\/10\/qual-1536x584.png 1536w, https:\/\/babaambalaj.com\/wp-content\/uploads\/2025\/10\/qual.png 1599w\" sizes=\"(max-width: 1024px) 100vw, 1024px\" \/><\/figure>\n<\/div>\n<\/div>\n\n\n\n<p><\/p>\n\n\n\n<p><\/p>\n","protected":false},"excerpt":{"rendered":"<p>Baba Ambalaj olarak, ambalaj sekt\u00f6r\u00fcndeki yolculu\u011fumuza 2013 y\u0131l\u0131nda \u0130stanbul\u2019da ba\u015flad\u0131k. Temel misyonumuz, g\u0131da g\u00fcvenli\u011fine uygun, kaliteli ve hijyenik ambalaj \u00e7\u00f6z\u00fcmleri [&hellip;]<\/p>\n","protected":false},"author":3,"featured_media":0,"parent":0,"menu_order":0,"comment_status":"closed","ping_status":"closed","template":"","meta":{"om_disable_all_campaigns":false,"_surecart_dashboard_logo_width":"180px","_surecart_dashboard_show_logo":true,"_surecart_dashboard_navigation_orders":true,"_surecart_dashboard_navigation_invoices":true,"_surecart_dashboard_navigation_subscriptions":true,"_surecart_dashboard_navigation_downloads":true,"_surecart_dashboard_navigation_billing":true,"_surecart_dashboard_navigation_account":true,"_uag_custom_page_level_css":"","_monsterinsights_skip_tracking":false,"_monsterinsights_sitenote_active":false,"_monsterinsights_sitenote_note":"","_monsterinsights_sitenote_category":0,"_uf_show_specific_survey":0,"_uf_disable_surveys":false,"site-sidebar-layout":"default","site-content-layout":"","ast-site-content-layout":"default","site-content-style":"default","site-sidebar-style":"default","ast-global-header-display":"","ast-banner-title-visibility":"","ast-main-header-display":"","ast-hfb-above-header-display":"","ast-hfb-below-header-display":"","ast-hfb-mobile-header-display":"","site-post-title":"","ast-breadcrumbs-content":"","ast-featured-img":"","footer-sml-layout":"","ast-disable-related-posts":"","theme-transparent-header-meta":"","adv-header-id-meta":"","stick-header-meta":"","header-above-stick-meta":"","header-main-stick-meta":"","header-below-stick-meta":"","astra-migrate-meta-layouts":"default","ast-page-background-enabled":"default","ast-page-background-meta":{"desktop":{"background-color":"var(--ast-global-color-5)","background-image":"","background-repeat":"repeat","background-position":"center center","background-size":"auto","background-attachment":"scroll","background-type":"","background-media":"","overlay-type":"","overlay-color":"","overlay-opacity":"","overlay-gradient":""},"tablet":{"background-color":"","background-image":"","background-repeat":"repeat","background-position":"center center","background-size":"auto","background-attachment":"scroll","background-type":"","background-media":"","overlay-type":"","overlay-color":"","overlay-opacity":"","overlay-gradient":""},"mobile":{"background-color":"","background-image":"","background-repeat":"repeat","background-position":"center center","background-size":"auto","background-attachment":"scroll","background-type":"","background-media":"","overlay-type":"","overlay-color":"","overlay-opacity":"","overlay-gradient":""}},"ast-content-background-meta":{"desktop":{"background-color":"var(--ast-global-color-4)","background-image":"","background-repeat":"repeat","background-position":"center center","background-size":"auto","background-attachment":"scroll","background-type":"","background-media":"","overlay-type":"","overlay-color":"","overlay-opacity":"","overlay-gradient":""},"tablet":{"background-color":"var(--ast-global-color-4)","background-image":"","background-repeat":"repeat","background-position":"center center","background-size":"auto","background-attachment":"scroll","background-type":"","background-media":"","overlay-type":"","overlay-color":"","overlay-opacity":"","overlay-gradient":""},"mobile":{"background-color":"var(--ast-global-color-4)","background-image":"","background-repeat":"repeat","background-position":"center center","background-size":"auto","background-attachment":"scroll","background-type":"","background-media":"","overlay-type":"","overlay-color":"","overlay-opacity":"","overlay-gradient":""}},"footnotes":""},"class_list":["post-8","page","type-page","status-publish","hentry"],"aioseo_notices":[],"uagb_featured_image_src":{"full":false,"thumbnail":false,"medium":false,"medium_large":false,"large":false,"1536x1536":false,"2048x2048":false},"uagb_author_info":{"display_name":"kadirkalin","author_link":"https:\/\/babaambalaj.com\/index.php\/author\/kadirkalin\/"},"uagb_comment_info":0,"uagb_excerpt":"Baba Ambalaj olarak, ambalaj sekt\u00f6r\u00fcndeki yolculu\u011fumuza 2013 y\u0131l\u0131nda \u0130stanbul\u2019da ba\u015flad\u0131k. Temel misyonumuz, g\u0131da g\u00fcvenli\u011fine uygun, kaliteli ve hijyenik ambalaj \u00e7\u00f6z\u00fcmleri [&hellip;]","_links":{"self":[{"href":"https:\/\/babaambalaj.com\/index.php\/wp-json\/wp\/v2\/pages\/8","targetHints":{"allow":["GET"]}}],"collection":[{"href":"https:\/\/babaambalaj.com\/index.php\/wp-json\/wp\/v2\/pages"}],"about":[{"href":"https:\/\/babaambalaj.com\/index.php\/wp-json\/wp\/v2\/types\/page"}],"author":[{"embeddable":true,"href":"https:\/\/babaambalaj.com\/index.php\/wp-json\/wp\/v2\/users\/3"}],"replies":[{"embeddable":true,"href":"https:\/\/babaambalaj.com\/index.php\/wp-json\/wp\/v2\/comments?post=8"}],"version-history":[{"count":10,"href":"https:\/\/babaambalaj.com\/index.php\/wp-json\/wp\/v2\/pages\/8\/revisions"}],"predecessor-version":[{"id":2317,"href":"https:\/\/babaambalaj.com\/index.php\/wp-json\/wp\/v2\/pages\/8\/revisions\/2317"}],"wp:attachment":[{"href":"https:\/\/babaambalaj.com\/index.php\/wp-json\/wp\/v2\/media?parent=8"}],"curies":[{"name":"wp","href":"https:\/\/api.w.org\/{rel}","templated":true}]}}